{"id":13,"date":"2023-03-27T14:52:00","date_gmt":"2023-03-27T12:52:00","guid":{"rendered":"http:\/\/www.lucitherm.be\/?page_id=13"},"modified":"2023-03-27T16:19:59","modified_gmt":"2023-03-27T14:19:59","slug":"depannage","status":"publish","type":"page","link":"https:\/\/www.lucitherm.be\/index.php\/depannage\/","title":{"rendered":"D\u00e9pannage"},"content":{"rendered":"\n<figure class=\"wp-block-image size-full\"><img loading=\"lazy\" decoding=\"async\" width=\"864\" height=\"568\" src=\"https:\/\/www.lucitherm.be\/wp-content\/uploads\/2023\/03\/depannage.png\" alt=\"\" class=\"wp-image-57\" srcset=\"https:\/\/www.lucitherm.be\/wp-content\/uploads\/2023\/03\/depannage.png 864w, https:\/\/www.lucitherm.be\/wp-content\/uploads\/2023\/03\/depannage-300x197.png 300w, https:\/\/www.lucitherm.be\/wp-content\/uploads\/2023\/03\/depannage-768x505.png 768w\" sizes=\"auto, (max-width: 864px) 100vw, 864px\" \/><\/figure>\n\n\n\n<p><\/p>\n\n\n\n<p>Un diagnostic pr\u00e9cis, une intervention ad\u00e9quate pour r\u00e9tablir le confort au sein de votre domicile et assurer la p\u00e9rennit\u00e9 de votre installation.<\/p>\n\n\n\n<p>Le chauffage est un pi\u00e8ce ma\u00eetresse de la maison et l&rsquo;on s&rsquo;en rend vraiment compte lorsqu&rsquo;il fait d\u00e9faut. A ce moment, les temp\u00e9ratures deviennent rapidement inconfortables et l&rsquo;on red\u00e9couvre les vertus revigorantes de l&rsquo;eau froide. Lucitherm intervient le plus rapidement possible pour r\u00e9tablir votre confort avec un solution souvent d\u00e9finitive, parfois temporaire lorsque des probl\u00e8mes plus importants sont d\u00e9tect\u00e9s qui n\u00e9cessitent des travaux plus pouss\u00e9s.<\/p>\n\n\n\n<p>Le d\u00e9pannage est certainement le service le plus complexe offert par les chauffagistes. Il demande une grande exp\u00e9rience de terrain et une capacit\u00e9 de diagnostic \u00e9labor\u00e9e. Il faut aussi beaucoup de maturit\u00e9 et de psychologie pour g\u00e9rer le client rendu nerveux par l&rsquo;inconfort de la situation.<\/p>\n\n\n\n<p>Nous intervenons certainement et prioritairement sur les installations de Lucitherm. Nous pouvons aussi intervenir sur des installations tierces si le mat\u00e9riel install\u00e9 nous est connu (nous sommes sp\u00e9cialis\u00e9s en Viesmann).<\/p>\n","protected":false},"excerpt":{"rendered":"<p>Un diagnostic pr\u00e9cis, une intervention ad\u00e9quate pour r\u00e9tablir le confort au sein de votre domicile et assurer la p\u00e9rennit\u00e9 de votre installation. Le chauffage est un pi\u00e8ce ma\u00eetresse de la maison et l&rsquo;on s&rsquo;en rend vraiment compte lorsqu&rsquo;il fait d\u00e9faut. A ce moment, les temp\u00e9ratures deviennent rapidement inconfortables et l&rsquo;on red\u00e9couvre les vertus revigorantes de&hellip;&nbsp;<a href=\"https:\/\/www.lucitherm.be\/index.php\/depannage\/\" class=\"\" rel=\"bookmark\">Lire la suite &raquo;<span class=\"screen-reader-text\">D\u00e9pannage<\/span><\/a><\/p>\n","protected":false},"author":1,"featured_media":0,"parent":0,"menu_order":0,"comment_status":"closed","ping_status":"closed","template":"","meta":{"neve_meta_sidebar":"","neve_meta_container":"","neve_meta_enable_content_width":"","neve_meta_content_width":0,"neve_meta_title_alignment":"","neve_meta_author_avatar":"","neve_post_elements_order":"","neve_meta_disable_header":"","neve_meta_disable_footer":"","neve_meta_disable_title":"","footnotes":""},"class_list":["post-13","page","type-page","status-publish","hentry"],"_links":{"self":[{"href":"https:\/\/www.lucitherm.be\/index.php\/wp-json\/wp\/v2\/pages\/13","targetHints":{"allow":["GET"]}}],"collection":[{"href":"https:\/\/www.lucitherm.be\/index.php\/wp-json\/wp\/v2\/pages"}],"about":[{"href":"https:\/\/www.lucitherm.be\/index.php\/wp-json\/wp\/v2\/types\/page"}],"author":[{"embeddable":true,"href":"https:\/\/www.lucitherm.be\/index.php\/wp-json\/wp\/v2\/users\/1"}],"replies":[{"embeddable":true,"href":"https:\/\/www.lucitherm.be\/index.php\/wp-json\/wp\/v2\/comments?post=13"}],"version-history":[{"count":3,"href":"https:\/\/www.lucitherm.be\/index.php\/wp-json\/wp\/v2\/pages\/13\/revisions"}],"predecessor-version":[{"id":69,"href":"https:\/\/www.lucitherm.be\/index.php\/wp-json\/wp\/v2\/pages\/13\/revisions\/69"}],"wp:attachment":[{"href":"https:\/\/www.lucitherm.be\/index.php\/wp-json\/wp\/v2\/media?parent=13"}],"curies":[{"name":"wp","href":"https:\/\/api.w.org\/{rel}","templated":true}]}}