{"id":15,"date":"2023-03-27T14:52:44","date_gmt":"2023-03-27T12:52:44","guid":{"rendered":"http:\/\/www.lucitherm.be\/?page_id=15"},"modified":"2023-03-27T16:25:35","modified_gmt":"2023-03-27T14:25:35","slug":"installation","status":"publish","type":"page","link":"https:\/\/www.lucitherm.be\/index.php\/installation\/","title":{"rendered":"Installation"},"content":{"rendered":"\n<figure class=\"wp-block-image size-full\"><img loading=\"lazy\" decoding=\"async\" width=\"920\" height=\"554\" src=\"https:\/\/www.lucitherm.be\/wp-content\/uploads\/2023\/03\/installation.png\" alt=\"\" class=\"wp-image-55\" srcset=\"https:\/\/www.lucitherm.be\/wp-content\/uploads\/2023\/03\/installation.png 920w, https:\/\/www.lucitherm.be\/wp-content\/uploads\/2023\/03\/installation-300x181.png 300w, https:\/\/www.lucitherm.be\/wp-content\/uploads\/2023\/03\/installation-768x462.png 768w\" sizes=\"auto, (max-width: 920px) 100vw, 920px\" \/><\/figure>\n\n\n\n<p><\/p>\n\n\n\n<p>Nous calibrons votre installation de chauffage pour vos besoins actuels et futurs, en visant le meilleur rendement du point de vue consommation, en vous apportant un confort thermique optimal tout en minimisant votre impact \u00e9cologique.<\/p>\n\n\n\n<p>Une installation de chauffage performante passe d&rsquo;abord par une \u00e9tude s\u00e9rieuse de votre b\u00e2timent, de vos attentes en mati\u00e8re de confort, de votre composition familiale actuelle et pr\u00e9visible, des installations \u00e9ventuellement pr\u00e9-existantes etc. <\/p>\n\n\n\n<p>Ce diagnostic professionnel est \u00e0 la base de notre offre et du dimensionnement corrects des composantes du syst\u00e8me. <\/p>\n\n\n\n<p>Le choix de la puissance de la chaudi\u00e8re et du dimensionnement des radiateurs et autres corps de chauffe est un aspect critique pour obtenir un rendement optimal. Aujourd&rsquo;hui les installations sont de plus en plus complexes car elles doivent parfois m\u00ealer diff\u00e9rentes techniques (chauffage par radiateur et chauffage par le sol par exemple), int\u00e9grer la production continue d&rsquo;eau chaude, \u00e9ventuellement par le biais de panneaux solaires, et s&rsquo;int\u00e9grer harmonieusement dans un concept de gestion de l&rsquo;\u00e9nergie global o\u00f9 l&rsquo;isolation et la ventilation m\u00e9canique contr\u00f4l\u00e9e (VMC) sont parfois pr\u00e9sents. <\/p>\n\n\n\n<p>L&rsquo;\u00e9lectronique est aussi au rendez-vous avec des syst\u00e8mes de r\u00e9gulations de plus en plus sophistiqu\u00e9s pour g\u00e9rer tous les param\u00e8tres de l&rsquo;installation. La mise en \u0153uvre de ces solutions et de ces technologies pointues demande un savoir-faire et une exp\u00e9rience av\u00e9r\u00e9s.<\/p>\n\n\n\n<p>Lucitherm a install\u00e9 des centaines de chaudi\u00e8res \u00e0 condensation chez ses clients depuis l&rsquo;av\u00e8nement de cette technologie. <\/p>\n\n\n\n<p>Nous suivons pas \u00e0 pas l&rsquo;\u00e9volution des techniques pour offrir \u00e0 nos clients un concept \u00e0 la pointe de la modernit\u00e9 mais surtout de l&rsquo;efficacit\u00e9 thermique. <\/p>\n\n\n\n<p>Lucitherm est un installateur agr\u00e9\u00e9 par Viesmann. <\/p>\n\n\n\n<p>Nous pr\u00e9conisons cette marque pour ses qualit\u00e9s intrins\u00e8ques, sa fiabilit\u00e9, sa technologie haut de gamme, mais aussi pour ma\u00eetriser compl\u00e8tement et avec rigueur l&rsquo;ensemble la cha\u00eene installation \/ service apr\u00e8s vente. <\/p>\n\n\n\n<p>Car ce que nous installons nous sommes capables avec certitude d&rsquo;en assurer la maintenance \u00e0 long terme et les \u00e9ventuelles r\u00e9parations.<\/p>\n","protected":false},"excerpt":{"rendered":"<p>Nous calibrons votre installation de chauffage pour vos besoins actuels et futurs, en visant le meilleur rendement du point de vue consommation, en vous apportant un confort thermique optimal tout en minimisant votre impact \u00e9cologique. Une installation de chauffage performante passe d&rsquo;abord par une \u00e9tude s\u00e9rieuse de votre b\u00e2timent, de vos attentes en mati\u00e8re de&hellip;&nbsp;<a href=\"https:\/\/www.lucitherm.be\/index.php\/installation\/\" class=\"\" rel=\"bookmark\">Lire la suite &raquo;<span class=\"screen-reader-text\">Installation<\/span><\/a><\/p>\n","protected":false},"author":1,"featured_media":0,"parent":0,"menu_order":0,"comment_status":"closed","ping_status":"closed","template":"","meta":{"neve_meta_sidebar":"","neve_meta_container":"","neve_meta_enable_content_width":"","neve_meta_content_width":0,"neve_meta_title_alignment":"","neve_meta_author_avatar":"","neve_post_elements_order":"","neve_meta_disable_header":"","neve_meta_disable_footer":"","neve_meta_disable_title":"","footnotes":""},"class_list":["post-15","page","type-page","status-publish","hentry"],"_links":{"self":[{"href":"https:\/\/www.lucitherm.be\/index.php\/wp-json\/wp\/v2\/pages\/15","targetHints":{"allow":["GET"]}}],"collection":[{"href":"https:\/\/www.lucitherm.be\/index.php\/wp-json\/wp\/v2\/pages"}],"about":[{"href":"https:\/\/www.lucitherm.be\/index.php\/wp-json\/wp\/v2\/types\/page"}],"author":[{"embeddable":true,"href":"https:\/\/www.lucitherm.be\/index.php\/wp-json\/wp\/v2\/users\/1"}],"replies":[{"embeddable":true,"href":"https:\/\/www.lucitherm.be\/index.php\/wp-json\/wp\/v2\/comments?post=15"}],"version-history":[{"count":4,"href":"https:\/\/www.lucitherm.be\/index.php\/wp-json\/wp\/v2\/pages\/15\/revisions"}],"predecessor-version":[{"id":74,"href":"https:\/\/www.lucitherm.be\/index.php\/wp-json\/wp\/v2\/pages\/15\/revisions\/74"}],"wp:attachment":[{"href":"https:\/\/www.lucitherm.be\/index.php\/wp-json\/wp\/v2\/media?parent=15"}],"curies":[{"name":"wp","href":"https:\/\/api.w.org\/{rel}","templated":true}]}}