{"id":5,"date":"2023-03-27T14:17:06","date_gmt":"2023-03-27T12:17:06","guid":{"rendered":"http:\/\/www.lucitherm.be\/?page_id=5"},"modified":"2023-03-27T16:56:43","modified_gmt":"2023-03-27T14:56:43","slug":"votre-partenaire-pour-le-confort-thermique","status":"publish","type":"page","link":"https:\/\/www.lucitherm.be\/","title":{"rendered":"Votre partenaire pour le confort thermique"},"content":{"rendered":"\n<figure class=\"wp-block-image size-large\"><img loading=\"lazy\" decoding=\"async\" width=\"1024\" height=\"572\" src=\"https:\/\/www.lucitherm.be\/wp-content\/uploads\/2023\/03\/Viess01-1024x572.png\" alt=\"\" class=\"wp-image-7\" srcset=\"https:\/\/www.lucitherm.be\/wp-content\/uploads\/2023\/03\/Viess01-1024x572.png 1024w, https:\/\/www.lucitherm.be\/wp-content\/uploads\/2023\/03\/Viess01-300x168.png 300w, https:\/\/www.lucitherm.be\/wp-content\/uploads\/2023\/03\/Viess01-768x429.png 768w, https:\/\/www.lucitherm.be\/wp-content\/uploads\/2023\/03\/Viess01.png 1274w\" sizes=\"auto, (max-width: 1024px) 100vw, 1024px\" \/><\/figure>\n\n\n\n<p><\/p>\n\n\n\n<h3 class=\"wp-block-heading\">Opter pour Lucitherm c&rsquo;est obtenir la garantie d&rsquo;une approche professionnelle, d&rsquo;un s\u00e9rieux \u00e0 toute \u00e9preuve et d&rsquo;un engagement total dans votre confort termique<\/h3>\n\n\n\n<h4 class=\"wp-block-heading\">Un savoir faire av\u00e9r\u00e9<\/h4>\n\n\n\n<p>Lucitherm qui a \u00e9t\u00e9 cr\u00e9\u00e9e en 1997 par Bernard Cumps est une entreprise de chauffage \u00e0 caract\u00e8re familial. <\/p>\n\n\n\n<p>Trois g\u00e9n\u00e9rations ont \u00e9t\u00e9 actives dans son d\u00e9veloppement. <\/p>\n\n\n\n<p>Le patron et les techniciens sur le terrain sont les membres d&rsquo;une m\u00eame famille qui travaillent de mani\u00e8re compl\u00e9mentaire pour satisfaire les clients quel que soient leurs besoins. <\/p>\n\n\n\n<p>Cette structure l\u00e9g\u00e8re est un gage de bonne communication et aussi de tenue sans faille de nos engagements.<\/p>\n\n\n\n<h4 class=\"wp-block-heading\">Approche de services int\u00e9gr\u00e9s<\/h4>\n\n\n\n<p>Lucitherm prend en charge de A \u00e0 Z toute probl\u00e9matique de chauffage gr\u00e2ce \u00e0 son approche int\u00e9grant des services d&rsquo;installation, d&rsquo;entretien et de d\u00e9pannage.<\/p>\n\n\n\n<p>Nous travaillons sur tout type d&rsquo;installation, gaz, mazout, pellets etc. Nous travaillons aussi pour plusieurs segments de client\u00e8le, dont les particuliers principalement, mais aussi les professionnels (syndic de b\u00e2timents, PME, commerces etc.)<\/p>\n\n\n\n<p>Nous utilisons les techniques et les mat\u00e9riaux le plus modernes et attachons un soin tout particulier au rendement optimal de nos installations: chaudi\u00e8res \u00e0 condensations, chaudi\u00e8res avec co-g\u00e9n\u00e9ration, installations solaires thermiques n&rsquo;ont aucun secret pour notre \u00e9quipe. Nous avons compt\u00e9 parmi les pionniers en cette mati\u00e8re.<\/p>\n\n\n\n<p>Une philosophie de qualit\u00e9 identique soutient nos activit\u00e9s de services apr\u00e8s vente qui plus encore que les installations constituent le c\u0153ur de notre activit\u00e9.<\/p>\n\n\n\n<p>Notre objectif est de vous fournir le meilleur rapport qualit\u00e9-prix pour votre confort thermique. Nous assurons l&rsquo;harmonie de l&rsquo;ensemble des param\u00e8tres, dont l&rsquo;installation elle-m\u00eame, la consommation, la dur\u00e9e de vie de l&rsquo;installation, les frais de maintenance, la r\u00e9ponse ad\u00e9quate aux normes l\u00e9gales, les primes et r\u00e9duction fiscales potentielles etc.<\/p>\n\n\n\n<h4 class=\"wp-block-heading\">Une entreprise certifi\u00e9e<\/h4>\n\n\n\n<p>Lucitherm est certifi\u00e9 pour les installations, l&rsquo;entretien et les r\u00e9parations mazout et gaz dans toutes les r\u00e9gions du pays, m\u00eame si notre bassin d&rsquo;activit\u00e9 naturel se trouve \u00e0 Bruxelles et en Brabant Wallon et Flamand. Lucitherm est un installateur Viesmann agr\u00e9\u00e9.<\/p>\n\n\n\n<h4 class=\"wp-block-heading\">Les primes<\/h4>\n\n\n\n<p>L&rsquo;\u00c9tat f\u00e9d\u00e9ral, les r\u00e9gions, les communes incitent les citoyens et entreprises a diminuer leur empreinte \u00e9cologique, entre autres en mati\u00e8re de chauffage. Lucitherm vous assiste pour obtenir ces primes et autres d\u00e9gr\u00e8vements fiscaux.<\/p>\n\n\n\n<p>Le chauffage est l&rsquo;une des source importantes de pollution qui peut \u00eatre r\u00e9duite en prenant des mesures adapt\u00e9es. La pollution est directement proportionnelle \u00e0 la consommation de combustible. La bonne nouvelle est donc qu&rsquo;en investissant dans la r\u00e9duction de la pollution, l&rsquo;usager diminuera aussi sensiblement sa consommation et donc ses factures r\u00e9currentes de combustible. Cela demande des investissements qui sont souvent soutenus par les pouvoirs publics qui se sont engag\u00e9s \u00e0 diminuer la pollution et les \u00e9missions de CO\u00b2 de mani\u00e8re drastique.<\/p>\n\n\n\n<p>Cette mati\u00e8re est en partie f\u00e9d\u00e9rale, ce qui r\u00e9sulte dans d&rsquo;\u00e9ventuelles r\u00e9ductions d&rsquo;imp\u00f4ts, et en partie r\u00e9gionale ce qui peut, sous certaines conditions, vous offrir la possibilit\u00e9 d&rsquo;obtenir des primes.<\/p>\n\n\n\n<p>Quelques exemples de d\u00e9penses b\u00e9n\u00e9ficiant \u00e9ventuellement de soutiens fiscaux ou de primes :<\/p>\n\n\n\n<ul class=\"wp-block-list\">\n<li>d\u00e9penses pour le remplacement des anciennes chaudi\u00e8res<\/li>\n\n\n\n<li>d\u00e9penses pour l&rsquo;installation d&rsquo;un syst\u00e8me de chauffage de l&rsquo;eau par le recours \u00e0 l&rsquo;\u00e9nergie solaire<\/li>\n\n\n\n<li>d\u00e9penses pour l&rsquo;installation de tous autres dispositifs de production d&rsquo;\u00e9nergie g\u00e9othermique<\/li>\n\n\n\n<li>d\u00e9penses pour le placement d&rsquo;une r\u00e9gulation d&rsquo;une installation de chauffage central au moyen de vannes thermostatiques ou d&rsquo;un thermostat d&rsquo;ambiance \u00e0 horloge<\/li>\n\n\n\n<li>d\u00e9penses pour un audit \u00e9nerg\u00e9tique de l&rsquo;habitation<\/li>\n\n\n\n<li>d\u00e9penses pour l&rsquo;entretien des chaudi\u00e8res<\/li>\n<\/ul>\n\n\n\n<h3 class=\"wp-block-heading\">Contact<\/h3>\n\n\n\n<p>BVBA LUCITHERM SPRL<\/p>\n\n\n\n<p>Ed. Gersisstraat 22 rue Ed. Gersis<br>ST PIETERS WOLUWE 1150 WOLUWE ST PIERRE<\/p>\n\n\n\n<p>TEL 02\/772 77 72<br>FAX 02\/767 44 27<\/p>\n\n\n\n<p>info@lucitherm.be<\/p>\n\n\n\n<p>TVA BE 0461 519 664<\/p>\n\n\n\n<p><\/p>\n","protected":false},"excerpt":{"rendered":"<p>Opter pour Lucitherm c&rsquo;est obtenir la garantie d&rsquo;une approche professionnelle, d&rsquo;un s\u00e9rieux \u00e0 toute \u00e9preuve et d&rsquo;un engagement total dans votre confort termique Un savoir faire av\u00e9r\u00e9 Lucitherm qui a \u00e9t\u00e9 cr\u00e9\u00e9e en 1997 par Bernard Cumps est une entreprise de chauffage \u00e0 caract\u00e8re familial. Trois g\u00e9n\u00e9rations ont \u00e9t\u00e9 actives dans son d\u00e9veloppement. Le patron&hellip;&nbsp;<a href=\"https:\/\/www.lucitherm.be\/\" class=\"\" rel=\"bookmark\">Lire la suite &raquo;<span class=\"screen-reader-text\">Votre partenaire pour le confort thermique<\/span><\/a><\/p>\n","protected":false},"author":1,"featured_media":0,"parent":0,"menu_order":0,"comment_status":"closed","ping_status":"closed","template":"","meta":{"neve_meta_sidebar":"","neve_meta_container":"","neve_meta_enable_content_width":"","neve_meta_content_width":0,"neve_meta_title_alignment":"","neve_meta_author_avatar":"","neve_post_elements_order":"","neve_meta_disable_header":"","neve_meta_disable_footer":"","neve_meta_disable_title":"","footnotes":""},"class_list":["post-5","page","type-page","status-publish","hentry"],"_links":{"self":[{"href":"https:\/\/www.lucitherm.be\/index.php\/wp-json\/wp\/v2\/pages\/5","targetHints":{"allow":["GET"]}}],"collection":[{"href":"https:\/\/www.lucitherm.be\/index.php\/wp-json\/wp\/v2\/pages"}],"about":[{"href":"https:\/\/www.lucitherm.be\/index.php\/wp-json\/wp\/v2\/types\/page"}],"author":[{"embeddable":true,"href":"https:\/\/www.lucitherm.be\/index.php\/wp-json\/wp\/v2\/users\/1"}],"replies":[{"embeddable":true,"href":"https:\/\/www.lucitherm.be\/index.php\/wp-json\/wp\/v2\/comments?post=5"}],"version-history":[{"count":12,"href":"https:\/\/www.lucitherm.be\/index.php\/wp-json\/wp\/v2\/pages\/5\/revisions"}],"predecessor-version":[{"id":79,"href":"https:\/\/www.lucitherm.be\/index.php\/wp-json\/wp\/v2\/pages\/5\/revisions\/79"}],"wp:attachment":[{"href":"https:\/\/www.lucitherm.be\/index.php\/wp-json\/wp\/v2\/media?parent=5"}],"curies":[{"name":"wp","href":"https:\/\/api.w.org\/{rel}","templated":true}]}}